{"id":17,"date":"2022-09-15T15:18:31","date_gmt":"2022-09-15T15:18:31","guid":{"rendered":"http:\/\/local.micssantjordi.org\/?page_id=17"},"modified":"2023-01-11T16:39:29","modified_gmt":"2023-01-11T14:39:29","slug":"reservas","status":"publish","type":"page","link":"https:\/\/www.micsantjordi.org\/es\/reservas\/","title":{"rendered":"Reservas"},"content":{"rendered":"<p><span style=\"font-weight: 400;\">Este formulario es una solicitud previa de disponibilidad y precio aproximado. No equivale a la confirmaci\u00f3n de la reserva.<\/span><\/p>\n<div class=\"content_block\" id=\"custom_post_widget-610\"><section class=\"price-table bg-white dark:bg-gray-900\">\n<div class=\"py-8 px-4 mx-auto grid max-w-screen-xl lg:py-16 lg:px-6\">\n<div class=\"mx-auto max-w-screen-md text-center mb-4 lg:mb-6\">\n<h2 class=\"mb-4 text-4xl tracking-tight font-extrabold text-gray-900 dark:text-white\">Tarifas<\/h2>\n<\/div>\n<div class=\"space-y-4 lg:grid lg:grid-cols-3 sm:gap-4 xl:gap-4 lg:space-y-0\">\n<div class=\"card flex flex-col p-6 mx-auto max-w-lg text-center text-gray-900 bg-white rounded-lg border border-gray-100 shadow dark:border-gray-600 xl:p-8 dark:bg-gray-800 dark:text-white\">\n<h3 class=\"text-2xl font-semibold highlighted\">Corta Estancia<\/h3>\n<p class=\"mb-4 sm:text-lg dark:text-gray-400\">(por d\u00edas)<\/p>\n<p class=\"item-title text-gray-500 sm:text-lg dark:text-gray-400\">Individual<\/p>\n<div class=\"flex justify-center items-baseline mt-2 mb-8\"><span class=\"mr-2 text-xl font-extrabold\">176\u20ac <i>\/ noche<\/i><\/span><\/div>\n<p class=\"item-title text-gray-500 sm:text-lg dark:text-gray-400\">Doble<\/p>\n<div class=\"flex justify-center items-baseline mt-2 mb-8\"><span class=\"mr-2 text-xl font-extrabold\">199\u20ac <i>\/ noche<\/i><\/span><\/div>\n<p class=\"item-title text-gray-500 sm:text-lg dark:text-gray-400\">Triple<\/p>\n<div class=\"flex justify-center items-baseline mt-2 mb-8\"><span class=\"mr-2 text-xl font-extrabold\">233\u20ac &#8211; 273\u20ac <i>\/ noche<\/i><\/span><\/div>\n<p class=\"item-title text-gray-500 sm:text-lg dark:text-gray-400\">Cu\u00e1druple<\/p>\n<div class=\"flex justify-center items-baseline mt-2 mb-8\"><span class=\"mr-2 text-xl font-extrabold\">289\u20ac <i>\/ noche<\/i><\/span><\/div>\n<\/div>\n<div class=\"card flex flex-col p-6 mx-auto max-w-lg text-center text-gray-900 bg-white rounded-lg border border-gray-100 shadow dark:border-gray-600 xl:p-8 dark:bg-gray-800 dark:text-white\">\n<h3 class=\"text-2xl font-semibold highlighted\">Media Estancia<\/h3>\n<p class=\"mb-4 sm:text-lg dark:text-gray-400\">(1-6 meses)<\/p>\n<p class=\"item-title text-gray-500 sm:text-lg dark:text-gray-400\">Individual<\/p>\n<div class=\"flex justify-center items-baseline mt-2 mb-8\"><span class=\"mr-2 text-xl font-extrabold\">2.365\u20ac <i>\/ mes<\/i><\/span><\/div>\n<p class=\"item-title text-gray-500 sm:text-lg dark:text-gray-400\">Doble<\/p>\n<div class=\"flex justify-center items-baseline mt-2 mb-8\"><span class=\"mr-2 text-xl font-extrabold\">2.829\u20ac <i>\/ mes<\/i><\/span><\/div>\n<p class=\"item-title text-gray-500 sm:text-lg dark:text-gray-400\">Triple<\/p>\n<div class=\"flex justify-center items-baseline mt-2 mb-8\"><span class=\"mr-2 text-xl font-extrabold\">3.375\u20ac- 3.670\u20ac <i>\/ mes<\/i><\/span><\/div>\n<p class=\"item-title text-gray-500 sm:text-lg dark:text-gray-400\">Cu\u00e1druple<\/p>\n<div class=\"flex justify-center items-baseline mt-2 mb-8\"><span class=\"mr-2 text-xl font-extrabold\">3.955\u20ac <i>\/ mes<\/i><\/span><\/div>\n<\/div>\n<div class=\"card flex flex-col p-6 mx-auto max-w-lg text-center text-gray-900 bg-white rounded-lg border border-gray-100 shadow dark:border-gray-600 xl:p-8 dark:bg-gray-800 dark:text-white\">\n<h3 class=\"text-2xl font-semibold highlighted\">Larga Estancia<\/h3>\n<p class=\"mb-4 sm:text-lg dark:text-gray-400\">(m\u00e9s de 6 meses)<\/p>\n<p class=\"item-title text-gray-500 sm:text-lg dark:text-gray-400\">33m<\/p>\n<div class=\"flex justify-center items-baseline mt-2 mb-8\"><span class=\"mr-2 text-xl font-extrabold\">1.715\u20ac <i>\/ mes<\/i><\/span><\/div>\n<p class=\"item-title text-gray-500 sm:text-lg dark:text-gray-400\">42m-48m<\/p>\n<div class=\"flex justify-center items-baseline mt-2 mb-8\"><span class=\"mr-2 text-xl font-extrabold\">2.100\u20ac -2.450\u20ac <i>\/ mes<\/i><\/span><\/div>\n<p class=\"item-title text-gray-500 sm:text-lg dark:text-gray-400\">Triple<\/p>\n<div class=\"flex justify-center items-baseline mt-2 mb-8\"><span class=\"mr-2 text-xl font-extrabold\">2.667\u20ac &#8211; 3.060\u20ac <i>\/ mes<\/i><\/span><\/div>\n<p class=\"item-title text-gray-500 sm:text-lg dark:text-gray-400\">Cu\u00e1druple<\/p>\n<div class=\"flex justify-center items-baseline mt-2 mb-8\"><span class=\"mr-2 text-xl font-extrabold\">3.565\u20ac <i>\/ mes<\/i><\/span><\/div>\n<\/div>\n<\/div>\n<p class=\"text-center my-5 font-light text-gray-500 sm:text-xl dark:text-gray-400\">los precios son aproximados y quedan pendientes de la confirmaci\u00f3n final.<\/p>\n<p>Una vez realizada la confirmaci\u00f3n, el pago de la reserva se har\u00e1 con tarjeta de cr\u00e9dito o transferencia bancaria. No en efectivo.<\/p>\n<\/div>\n<\/section>\n<\/div>\n","protected":false},"excerpt":{"rendered":"<p>Este formulario es una solicitud previa de disponibilidad y precio aproximado. No equivale a la confirmaci\u00f3n de la reserva.<\/p>\n","protected":false},"author":1,"featured_media":0,"parent":0,"menu_order":0,"comment_status":"closed","ping_status":"closed","template":"templates\/forms-page.php","meta":{"_acf_changed":false,"footnotes":""},"categories":[],"tags":[],"acf":[],"yoast_head":"<!-- This site is optimized with the Yoast SEO plugin v22.3 - https:\/\/yoast.com\/wordpress\/plugins\/seo\/ -->\n<title>Reservas - MICs Sant Jordi<\/title>\n<meta name=\"robots\" content=\"index, follow, max-snippet:-1, max-image-preview:large, max-video-preview:-1\" \/>\n<link rel=\"canonical\" href=\"https:\/\/www.micsantjordi.org\/es\/reservas\/\" \/>\n<meta property=\"og:locale\" content=\"es_ES\" \/>\n<meta property=\"og:type\" content=\"article\" \/>\n<meta property=\"og:title\" content=\"Reservas - MICs Sant Jordi\" \/>\n<meta property=\"og:description\" content=\"Este formulario es una solicitud previa de disponibilidad y precio aproximado. No equivale a la confirmaci\u00f3n de la reserva.\" \/>\n<meta property=\"og:url\" content=\"https:\/\/www.micsantjordi.org\/es\/reservas\/\" \/>\n<meta property=\"og:site_name\" content=\"MICs Sant Jordi\" \/>\n<meta property=\"article:modified_time\" content=\"2023-01-11T14:39:29+00:00\" \/>\n<meta name=\"twitter:card\" content=\"summary_large_image\" \/>\n<meta name=\"twitter:label1\" content=\"Tiempo de lectura\" \/>\n\t<meta name=\"twitter:data1\" content=\"1 minuto\" \/>\n<script type=\"application\/ld+json\" class=\"yoast-schema-graph\">{\"@context\":\"https:\/\/schema.org\",\"@graph\":[{\"@type\":\"WebPage\",\"@id\":\"https:\/\/www.micsantjordi.org\/es\/reservas\/\",\"url\":\"https:\/\/www.micsantjordi.org\/es\/reservas\/\",\"name\":\"Reservas - MICs Sant Jordi\",\"isPartOf\":{\"@id\":\"https:\/\/www.micsantjordi.org\/es\/#website\"},\"datePublished\":\"2022-09-15T15:18:31+00:00\",\"dateModified\":\"2023-01-11T14:39:29+00:00\",\"breadcrumb\":{\"@id\":\"https:\/\/www.micsantjordi.org\/es\/reservas\/#breadcrumb\"},\"inLanguage\":\"es\",\"potentialAction\":[{\"@type\":\"ReadAction\",\"target\":[\"https:\/\/www.micsantjordi.org\/es\/reservas\/\"]}]},{\"@type\":\"BreadcrumbList\",\"@id\":\"https:\/\/www.micsantjordi.org\/es\/reservas\/#breadcrumb\",\"itemListElement\":[{\"@type\":\"ListItem\",\"position\":1,\"name\":\"Contacto\",\"item\":\"https:\/\/www.micsantjordi.org\/es\/contacto\/\"},{\"@type\":\"ListItem\",\"position\":2,\"name\":\"Booking\",\"item\":\"https:\/\/www.micsantjordi.org\/es\/booking\/\"},{\"@type\":\"ListItem\",\"position\":3,\"name\":\"Reservas\"}]},{\"@type\":\"WebSite\",\"@id\":\"https:\/\/www.micsantjordi.org\/es\/#website\",\"url\":\"https:\/\/www.micsantjordi.org\/es\/\",\"name\":\"MICs Sant Jordi\",\"description\":\"MICs Sant Jordi\",\"publisher\":{\"@id\":\"https:\/\/www.micsantjordi.org\/es\/#organization\"},\"potentialAction\":[{\"@type\":\"SearchAction\",\"target\":{\"@type\":\"EntryPoint\",\"urlTemplate\":\"https:\/\/www.micsantjordi.org\/es\/?s={search_term_string}\"},\"query-input\":\"required name=search_term_string\"}],\"inLanguage\":\"es\"},{\"@type\":\"Organization\",\"@id\":\"https:\/\/www.micsantjordi.org\/es\/#organization\",\"name\":\"MICs Sant Jordi\",\"url\":\"https:\/\/www.micsantjordi.org\/es\/\",\"logo\":{\"@type\":\"ImageObject\",\"inLanguage\":\"es\",\"@id\":\"https:\/\/www.micsantjordi.org\/es\/#\/schema\/logo\/image\/\",\"url\":\"https:\/\/www.micsantjordi.org\/wp-content\/uploads\/2023\/01\/logo_wbl.png\",\"contentUrl\":\"https:\/\/www.micsantjordi.org\/wp-content\/uploads\/2023\/01\/logo_wbl.png\",\"width\":183,\"height\":72,\"caption\":\"MICs Sant Jordi\"},\"image\":{\"@id\":\"https:\/\/www.micsantjordi.org\/es\/#\/schema\/logo\/image\/\"}}]}<\/script>\n<!-- \/ Yoast SEO plugin. -->","yoast_head_json":{"title":"Reservas - MICs Sant Jordi","robots":{"index":"index","follow":"follow","max-snippet":"max-snippet:-1","max-image-preview":"max-image-preview:large","max-video-preview":"max-video-preview:-1"},"canonical":"https:\/\/www.micsantjordi.org\/es\/reservas\/","og_locale":"es_ES","og_type":"article","og_title":"Reservas - MICs Sant Jordi","og_description":"Este formulario es una solicitud previa de disponibilidad y precio aproximado. No equivale a la confirmaci\u00f3n de la reserva.","og_url":"https:\/\/www.micsantjordi.org\/es\/reservas\/","og_site_name":"MICs Sant Jordi","article_modified_time":"2023-01-11T14:39:29+00:00","twitter_card":"summary_large_image","twitter_misc":{"Tiempo de lectura":"1 minuto"},"schema":{"@context":"https:\/\/schema.org","@graph":[{"@type":"WebPage","@id":"https:\/\/www.micsantjordi.org\/es\/reservas\/","url":"https:\/\/www.micsantjordi.org\/es\/reservas\/","name":"Reservas - MICs Sant Jordi","isPartOf":{"@id":"https:\/\/www.micsantjordi.org\/es\/#website"},"datePublished":"2022-09-15T15:18:31+00:00","dateModified":"2023-01-11T14:39:29+00:00","breadcrumb":{"@id":"https:\/\/www.micsantjordi.org\/es\/reservas\/#breadcrumb"},"inLanguage":"es","potentialAction":[{"@type":"ReadAction","target":["https:\/\/www.micsantjordi.org\/es\/reservas\/"]}]},{"@type":"BreadcrumbList","@id":"https:\/\/www.micsantjordi.org\/es\/reservas\/#breadcrumb","itemListElement":[{"@type":"ListItem","position":1,"name":"Contacto","item":"https:\/\/www.micsantjordi.org\/es\/contacto\/"},{"@type":"ListItem","position":2,"name":"Booking","item":"https:\/\/www.micsantjordi.org\/es\/booking\/"},{"@type":"ListItem","position":3,"name":"Reservas"}]},{"@type":"WebSite","@id":"https:\/\/www.micsantjordi.org\/es\/#website","url":"https:\/\/www.micsantjordi.org\/es\/","name":"MICs Sant Jordi","description":"MICs Sant Jordi","publisher":{"@id":"https:\/\/www.micsantjordi.org\/es\/#organization"},"potentialAction":[{"@type":"SearchAction","target":{"@type":"EntryPoint","urlTemplate":"https:\/\/www.micsantjordi.org\/es\/?s={search_term_string}"},"query-input":"required name=search_term_string"}],"inLanguage":"es"},{"@type":"Organization","@id":"https:\/\/www.micsantjordi.org\/es\/#organization","name":"MICs Sant Jordi","url":"https:\/\/www.micsantjordi.org\/es\/","logo":{"@type":"ImageObject","inLanguage":"es","@id":"https:\/\/www.micsantjordi.org\/es\/#\/schema\/logo\/image\/","url":"https:\/\/www.micsantjordi.org\/wp-content\/uploads\/2023\/01\/logo_wbl.png","contentUrl":"https:\/\/www.micsantjordi.org\/wp-content\/uploads\/2023\/01\/logo_wbl.png","width":183,"height":72,"caption":"MICs Sant Jordi"},"image":{"@id":"https:\/\/www.micsantjordi.org\/es\/#\/schema\/logo\/image\/"}}]}},"_links":{"self":[{"href":"https:\/\/www.micsantjordi.org\/es\/wp-json\/wp\/v2\/pages\/17"}],"collection":[{"href":"https:\/\/www.micsantjordi.org\/es\/wp-json\/wp\/v2\/pages"}],"about":[{"href":"https:\/\/www.micsantjordi.org\/es\/wp-json\/wp\/v2\/types\/page"}],"author":[{"embeddable":true,"href":"https:\/\/www.micsantjordi.org\/es\/wp-json\/wp\/v2\/users\/1"}],"replies":[{"embeddable":true,"href":"https:\/\/www.micsantjordi.org\/es\/wp-json\/wp\/v2\/comments?post=17"}],"version-history":[{"count":6,"href":"https:\/\/www.micsantjordi.org\/es\/wp-json\/wp\/v2\/pages\/17\/revisions"}],"predecessor-version":[{"id":933,"href":"https:\/\/www.micsantjordi.org\/es\/wp-json\/wp\/v2\/pages\/17\/revisions\/933"}],"wp:attachment":[{"href":"https:\/\/www.micsantjordi.org\/es\/wp-json\/wp\/v2\/media?parent=17"}],"wp:term":[{"taxonomy":"category","embeddable":true,"href":"https:\/\/www.micsantjordi.org\/es\/wp-json\/wp\/v2\/categories?post=17"},{"taxonomy":"post_tag","embeddable":true,"href":"https:\/\/www.micsantjordi.org\/es\/wp-json\/wp\/v2\/tags?post=17"}],"curies":[{"name":"wp","href":"https:\/\/api.w.org\/{rel}","templated":true}]}}