{"id":21,"date":"2022-09-15T15:18:53","date_gmt":"2022-09-15T15:18:53","guid":{"rendered":"http:\/\/local.micssantjordi.org\/?page_id=21"},"modified":"2023-01-12T17:39:44","modified_gmt":"2023-01-12T15:39:44","slug":"nota-legal","status":"publish","type":"page","link":"https:\/\/www.micsantjordi.org\/es\/nota-legal\/","title":{"rendered":"Nota legal"},"content":{"rendered":"<p>Para dar cumplimiento de la ley 34\/2002 de 11 de julio de servicios de la sociedad de la informaci\u00f3n y comercio electr\u00f3nico, a continuaci\u00f3n se indican los datos de informaci\u00f3n general de esta web:<\/p>\n<p>Fundaci\u00f3 Privada Llars de l\u2019Amistat Cheshire<br \/>\nC \/ Benedetti, 60-62<br \/>\n08017 Barcelona<br \/>\nTel\u00e9fono: 93 4514619<br \/>\nCorreo electr\u00f3nico: fundacio@llarsamistat.org<br \/>\nInscrita en el Registre de Fundacions Privades del Departament de Just\u00edcia de la Generalitat de Catalunya amb el n\u00fam. 192. 192.<br \/>\nCIF: G08593188<\/p>\n<h2><strong>AV\u00cdSO LEGAL<\/strong><\/h2>\n<p>Todos los derechos de propiedad industrial o intelectual de esta p\u00e1gina web y de sus contenidos (fotos, textos, dise\u00f1os,\u2026) pertenecen a FUNDACI\u00d3 PRIVADA LLARS DE L\u2019AMISTAT CHESHIRE o, en su caso, a terceras personas.<\/p>\n<p>El usuario puede consultar y utilizar todos los contenidos de la misma, exclusivamente para su uso personal, quedando expresamente prohibida su difusi\u00f3n por cualquier medio y para cualquier fin sin el consentimiento expreso de su propietario.<\/p>\n<p>FUNDACI\u00d3 PRIVADA LLARS DE L\u2019AMISTAT CHESHIRE y las personas que hubieran intervenido en la creaci\u00f3n de esta web cumplen en todo momento con lo previsto en la legislaci\u00f3n vigente al efecto y en especial a la Ley 34\/2002 de 11 de julio de Servicios de la Sociedad de la Informaci\u00f3n y del Comercio Electr\u00f3nico.<\/p>\n<p>FUNDACI\u00d3 PRIVADA LLARS DE L\u2019AMISTAT CHESHIRE se reserva el derecho a iniciar cuantas acciones legales est\u00e9n a su alcance para perseguir a aquellas personas, tanto f\u00edsicas como jur\u00eddicas, que incumplan las anteriores condiciones o utilicen indebidamente los contenidos de esta p\u00e1gina web o cualquier informaci\u00f3n que en ella pudiera aparecer.<\/p>\n","protected":false},"excerpt":{"rendered":"<p>Para dar cumplimiento de la ley 34\/2002 de 11 de julio de servicios de la sociedad de la informaci\u00f3n y comercio electr\u00f3nico, a continuaci\u00f3n se indican los datos de informaci\u00f3n general de esta web: Fundaci\u00f3 Privada Llars de l\u2019Amistat Cheshire C \/ Benedetti, 60-62 08017 Barcelona Tel\u00e9fono: 93 4514619 Correo electr\u00f3nico: fundacio@llarsamistat.org Inscrita en el [&hellip;]<\/p>\n","protected":false},"author":1,"featured_media":0,"parent":0,"menu_order":0,"comment_status":"closed","ping_status":"closed","template":"","meta":{"_acf_changed":false,"footnotes":""},"categories":[],"tags":[],"acf":[],"yoast_head":"<!-- This site is optimized with the Yoast SEO plugin v22.3 - https:\/\/yoast.com\/wordpress\/plugins\/seo\/ -->\n<title>Nota legal - MICs Sant Jordi<\/title>\n<meta name=\"robots\" content=\"index, follow, max-snippet:-1, max-image-preview:large, max-video-preview:-1\" \/>\n<link rel=\"canonical\" href=\"https:\/\/www.micsantjordi.org\/es\/nota-legal\/\" \/>\n<meta property=\"og:locale\" content=\"es_ES\" \/>\n<meta property=\"og:type\" content=\"article\" \/>\n<meta property=\"og:title\" content=\"Nota legal - MICs Sant Jordi\" \/>\n<meta property=\"og:description\" content=\"Para dar cumplimiento de la ley 34\/2002 de 11 de julio de servicios de la sociedad de la informaci\u00f3n y comercio electr\u00f3nico, a continuaci\u00f3n se indican los datos de informaci\u00f3n general de esta web: Fundaci\u00f3 Privada Llars de l\u2019Amistat Cheshire C \/ Benedetti, 60-62 08017 Barcelona Tel\u00e9fono: 93 4514619 Correo electr\u00f3nico: fundacio@llarsamistat.org Inscrita en el [&hellip;]\" \/>\n<meta property=\"og:url\" content=\"https:\/\/www.micsantjordi.org\/es\/nota-legal\/\" \/>\n<meta property=\"og:site_name\" content=\"MICs Sant Jordi\" \/>\n<meta property=\"article:modified_time\" content=\"2023-01-12T15:39:44+00:00\" \/>\n<meta name=\"twitter:card\" content=\"summary_large_image\" \/>\n<meta name=\"twitter:label1\" content=\"Tiempo de lectura\" \/>\n\t<meta name=\"twitter:data1\" content=\"2 minutos\" \/>\n<script type=\"application\/ld+json\" class=\"yoast-schema-graph\">{\"@context\":\"https:\/\/schema.org\",\"@graph\":[{\"@type\":\"WebPage\",\"@id\":\"https:\/\/www.micsantjordi.org\/es\/nota-legal\/\",\"url\":\"https:\/\/www.micsantjordi.org\/es\/nota-legal\/\",\"name\":\"Nota legal - MICs Sant Jordi\",\"isPartOf\":{\"@id\":\"https:\/\/www.micsantjordi.org\/es\/#website\"},\"datePublished\":\"2022-09-15T15:18:53+00:00\",\"dateModified\":\"2023-01-12T15:39:44+00:00\",\"inLanguage\":\"es\",\"potentialAction\":[{\"@type\":\"ReadAction\",\"target\":[\"https:\/\/www.micsantjordi.org\/es\/nota-legal\/\"]}]},{\"@type\":\"WebSite\",\"@id\":\"https:\/\/www.micsantjordi.org\/es\/#website\",\"url\":\"https:\/\/www.micsantjordi.org\/es\/\",\"name\":\"MICs Sant Jordi\",\"description\":\"MICs Sant Jordi\",\"publisher\":{\"@id\":\"https:\/\/www.micsantjordi.org\/es\/#organization\"},\"potentialAction\":[{\"@type\":\"SearchAction\",\"target\":{\"@type\":\"EntryPoint\",\"urlTemplate\":\"https:\/\/www.micsantjordi.org\/es\/?s={search_term_string}\"},\"query-input\":\"required name=search_term_string\"}],\"inLanguage\":\"es\"},{\"@type\":\"Organization\",\"@id\":\"https:\/\/www.micsantjordi.org\/es\/#organization\",\"name\":\"MICs Sant Jordi\",\"url\":\"https:\/\/www.micsantjordi.org\/es\/\",\"logo\":{\"@type\":\"ImageObject\",\"inLanguage\":\"es\",\"@id\":\"https:\/\/www.micsantjordi.org\/es\/#\/schema\/logo\/image\/\",\"url\":\"https:\/\/www.micsantjordi.org\/wp-content\/uploads\/2023\/01\/logo_wbl.png\",\"contentUrl\":\"https:\/\/www.micsantjordi.org\/wp-content\/uploads\/2023\/01\/logo_wbl.png\",\"width\":183,\"height\":72,\"caption\":\"MICs Sant Jordi\"},\"image\":{\"@id\":\"https:\/\/www.micsantjordi.org\/es\/#\/schema\/logo\/image\/\"}}]}<\/script>\n<!-- \/ Yoast SEO plugin. -->","yoast_head_json":{"title":"Nota legal - MICs Sant Jordi","robots":{"index":"index","follow":"follow","max-snippet":"max-snippet:-1","max-image-preview":"max-image-preview:large","max-video-preview":"max-video-preview:-1"},"canonical":"https:\/\/www.micsantjordi.org\/es\/nota-legal\/","og_locale":"es_ES","og_type":"article","og_title":"Nota legal - MICs Sant Jordi","og_description":"Para dar cumplimiento de la ley 34\/2002 de 11 de julio de servicios de la sociedad de la informaci\u00f3n y comercio electr\u00f3nico, a continuaci\u00f3n se indican los datos de informaci\u00f3n general de esta web: Fundaci\u00f3 Privada Llars de l\u2019Amistat Cheshire C \/ Benedetti, 60-62 08017 Barcelona Tel\u00e9fono: 93 4514619 Correo electr\u00f3nico: fundacio@llarsamistat.org Inscrita en el [&hellip;]","og_url":"https:\/\/www.micsantjordi.org\/es\/nota-legal\/","og_site_name":"MICs Sant Jordi","article_modified_time":"2023-01-12T15:39:44+00:00","twitter_card":"summary_large_image","twitter_misc":{"Tiempo de lectura":"2 minutos"},"schema":{"@context":"https:\/\/schema.org","@graph":[{"@type":"WebPage","@id":"https:\/\/www.micsantjordi.org\/es\/nota-legal\/","url":"https:\/\/www.micsantjordi.org\/es\/nota-legal\/","name":"Nota legal - MICs Sant Jordi","isPartOf":{"@id":"https:\/\/www.micsantjordi.org\/es\/#website"},"datePublished":"2022-09-15T15:18:53+00:00","dateModified":"2023-01-12T15:39:44+00:00","inLanguage":"es","potentialAction":[{"@type":"ReadAction","target":["https:\/\/www.micsantjordi.org\/es\/nota-legal\/"]}]},{"@type":"WebSite","@id":"https:\/\/www.micsantjordi.org\/es\/#website","url":"https:\/\/www.micsantjordi.org\/es\/","name":"MICs Sant Jordi","description":"MICs Sant Jordi","publisher":{"@id":"https:\/\/www.micsantjordi.org\/es\/#organization"},"potentialAction":[{"@type":"SearchAction","target":{"@type":"EntryPoint","urlTemplate":"https:\/\/www.micsantjordi.org\/es\/?s={search_term_string}"},"query-input":"required name=search_term_string"}],"inLanguage":"es"},{"@type":"Organization","@id":"https:\/\/www.micsantjordi.org\/es\/#organization","name":"MICs Sant Jordi","url":"https:\/\/www.micsantjordi.org\/es\/","logo":{"@type":"ImageObject","inLanguage":"es","@id":"https:\/\/www.micsantjordi.org\/es\/#\/schema\/logo\/image\/","url":"https:\/\/www.micsantjordi.org\/wp-content\/uploads\/2023\/01\/logo_wbl.png","contentUrl":"https:\/\/www.micsantjordi.org\/wp-content\/uploads\/2023\/01\/logo_wbl.png","width":183,"height":72,"caption":"MICs Sant Jordi"},"image":{"@id":"https:\/\/www.micsantjordi.org\/es\/#\/schema\/logo\/image\/"}}]}},"_links":{"self":[{"href":"https:\/\/www.micsantjordi.org\/es\/wp-json\/wp\/v2\/pages\/21"}],"collection":[{"href":"https:\/\/www.micsantjordi.org\/es\/wp-json\/wp\/v2\/pages"}],"about":[{"href":"https:\/\/www.micsantjordi.org\/es\/wp-json\/wp\/v2\/types\/page"}],"author":[{"embeddable":true,"href":"https:\/\/www.micsantjordi.org\/es\/wp-json\/wp\/v2\/users\/1"}],"replies":[{"embeddable":true,"href":"https:\/\/www.micsantjordi.org\/es\/wp-json\/wp\/v2\/comments?post=21"}],"version-history":[{"count":8,"href":"https:\/\/www.micsantjordi.org\/es\/wp-json\/wp\/v2\/pages\/21\/revisions"}],"predecessor-version":[{"id":1024,"href":"https:\/\/www.micsantjordi.org\/es\/wp-json\/wp\/v2\/pages\/21\/revisions\/1024"}],"wp:attachment":[{"href":"https:\/\/www.micsantjordi.org\/es\/wp-json\/wp\/v2\/media?parent=21"}],"wp:term":[{"taxonomy":"category","embeddable":true,"href":"https:\/\/www.micsantjordi.org\/es\/wp-json\/wp\/v2\/categories?post=21"},{"taxonomy":"post_tag","embeddable":true,"href":"https:\/\/www.micsantjordi.org\/es\/wp-json\/wp\/v2\/tags?post=21"}],"curies":[{"name":"wp","href":"https:\/\/api.w.org\/{rel}","templated":true}]}}